{"id":11,"date":"2018-09-26T19:17:16","date_gmt":"2018-09-26T19:17:16","guid":{"rendered":"http:\/\/www.timorapakko.com\/wp\/?page_id=11"},"modified":"2019-01-08T15:41:21","modified_gmt":"2019-01-08T13:41:21","slug":"tilastoja","status":"publish","type":"page","link":"https:\/\/timorapakko.com\/wp\/?page_id=11","title":{"rendered":"Tilastoja"},"content":{"rendered":"<p><strong>P\u00e4\u00e4set Lounais-H\u00e4meen Rastin ja henkil\u00f6kohtaisiin kilpailutilastoihini sivun yl\u00e4osan &#8220;Tilastoja&#8221;-linkist\u00e4.<\/strong><\/p>\n<p>&nbsp;<\/p>\n","protected":false},"excerpt":{"rendered":"","protected":false},"author":1,"featured_media":0,"parent":0,"menu_order":0,"comment_status":"closed","ping_status":"closed","template":"","meta":{"_bbp_topic_count":0,"_bbp_reply_count":0,"_bbp_total_topic_count":0,"_bbp_total_reply_count":0,"_bbp_voice_count":0,"_bbp_anonymous_reply_count":0,"_bbp_topic_count_hidden":0,"_bbp_reply_count_hidden":0,"_bbp_forum_subforum_count":0,"footnotes":""},"class_list":["post-11","page","type-page","status-publish","hentry"],"_links":{"self":[{"href":"https:\/\/timorapakko.com\/wp\/index.php?rest_route=\/wp\/v2\/pages\/11","targetHints":{"allow":["GET"]}}],"collection":[{"href":"https:\/\/timorapakko.com\/wp\/index.php?rest_route=\/wp\/v2\/pages"}],"about":[{"href":"https:\/\/timorapakko.com\/wp\/index.php?rest_route=\/wp\/v2\/types\/page"}],"author":[{"embeddable":true,"href":"https:\/\/timorapakko.com\/wp\/index.php?rest_route=\/wp\/v2\/users\/1"}],"replies":[{"embeddable":true,"href":"https:\/\/timorapakko.com\/wp\/index.php?rest_route=%2Fwp%2Fv2%2Fcomments&post=11"}],"version-history":[{"count":15,"href":"https:\/\/timorapakko.com\/wp\/index.php?rest_route=\/wp\/v2\/pages\/11\/revisions"}],"predecessor-version":[{"id":2582,"href":"https:\/\/timorapakko.com\/wp\/index.php?rest_route=\/wp\/v2\/pages\/11\/revisions\/2582"}],"wp:attachment":[{"href":"https:\/\/timorapakko.com\/wp\/index.php?rest_route=%2Fwp%2Fv2%2Fmedia&parent=11"}],"curies":[{"name":"wp","href":"https:\/\/api.w.org\/{rel}","templated":true}]}}