{"id":4137,"date":"2021-09-07T10:21:07","date_gmt":"2021-09-07T07:21:07","guid":{"rendered":"https:\/\/timorapakko.com\/wp\/?page_id=4137"},"modified":"2025-11-24T14:14:17","modified_gmt":"2025-11-24T12:14:17","slug":"tarkkuussuunnistus","status":"publish","type":"page","link":"https:\/\/timorapakko.com\/wp\/?page_id=4137","title":{"rendered":"Tarkkuussuunnistus"},"content":{"rendered":"\n<p>2021.08.29 M\u00c4NTS\u00c4L\u00c4, SM-Tarkkuussuunnistus, PreO, Sarja Elit, kartta 1.(2)<\/p>\n\n\n\n<mapplic-map id=\"mapplic-4144\" data-json=\"{&quot;mapwidth&quot;:&quot;1700&quot;,&quot;mapheight&quot;:&quot;2338&quot;,&quot;minimap&quot;:false,&quot;clearbutton&quot;:true,&quot;zoombuttons&quot;:true,&quot;sidebar&quot;:false,&quot;search&quot;:false,&quot;hovertip&quot;:true,&quot;mousewheel&quot;:true,&quot;fullscreen&quot;:false,&quot;deeplinking&quot;:true,&quot;mapfill&quot;:false,&quot;zoom&quot;:true,&quot;alphabetic&quot;:false,&quot;zoomlimit&quot;:&quot;3&quot;,&quot;action&quot;:&quot;tooltip&quot;,&quot;categories&quot;:[],&quot;levels&quot;:[{&quot;id&quot;:&quot;2021.08.29 M&Auml;NTS&Auml;L&Auml;, SM-Tarkkuussuunnistus, PreO, Sarja Elit, kartta 1.(2)&quot;,&quot;title&quot;:&quot;2021.08.29 M&Auml;NTS&Auml;L&Auml;, SM-Tarkkuussuunnistus, PreO, Sarja Elit, kartta 1.(2)&quot;,&quot;map&quot;:&quot;https:\/\/timorapakko.com\/wp\/wp-content\/uploads\/2021\/09\/2021.08.29-MANTSALA-SM-Tarkkuussuunnistus-PreO-Sarja-Elit-kartta-1.2.jpg&quot;,&quot;minimap&quot;:&quot;&quot;,&quot;locations&quot;:[]}]}\" data-path=\"https:\/\/timorapakko.com\/wp\/wp-content\/plugins\/mapplic-wp\/\/core\/\"><\/mapplic-map>\n\n\n\n<hr class=\"wp-block-separator has-css-opacity\"\/>\n\n\n\n<p>2021.08.29 M\u00c4NTS\u00c4L\u00c4, SM-Tarkkuussuunnistus, PreO, Sarja Elit, kartta 2.(2)<\/p>\n\n\n\n<mapplic-map id=\"mapplic-4141\" data-json=\"{&quot;mapwidth&quot;:&quot;1595&quot;,&quot;mapheight&quot;:&quot;2301&quot;,&quot;minimap&quot;:false,&quot;clearbutton&quot;:true,&quot;zoombuttons&quot;:true,&quot;sidebar&quot;:false,&quot;search&quot;:false,&quot;hovertip&quot;:true,&quot;mousewheel&quot;:true,&quot;fullscreen&quot;:false,&quot;deeplinking&quot;:true,&quot;mapfill&quot;:false,&quot;zoom&quot;:true,&quot;alphabetic&quot;:false,&quot;zoomlimit&quot;:&quot;3&quot;,&quot;action&quot;:&quot;tooltip&quot;,&quot;categories&quot;:[],&quot;levels&quot;:[{&quot;id&quot;:&quot;2021.08.29 M&Auml;NTS&Auml;L&Auml;, SM-Tarkkuussuunnistus, PreO, Sarja Elit, kartta 2.(2)&quot;,&quot;title&quot;:&quot;2021.08.29 M&Auml;NTS&Auml;L&Auml;, SM-Tarkkuussuunnistus, PreO, Sarja Elit, kartta 2.(2)&quot;,&quot;map&quot;:&quot;https:\/\/timorapakko.com\/wp\/wp-content\/uploads\/2021\/09\/2021.08.29-MANTSALA-SM-Tarkkuussuunnistus-PreO-Sarja-Elit-kartta-2.2.jpg&quot;,&quot;minimap&quot;:&quot;&quot;,&quot;locations&quot;:[]}]}\" data-path=\"https:\/\/timorapakko.com\/wp\/wp-content\/plugins\/mapplic-wp\/\/core\/\"><\/mapplic-map>\n\n\n\n<hr class=\"wp-block-separator has-css-opacity\"\/>\n\n\n\n<p>2022.10.08 KAARINA, SM-Tarkkuussunnistus ja kans.v\u00e4l., TempO, Elit<\/p>\n\n\n\n<mapplic-map id=\"mapplic-5171\" data-json=\"{&quot;settings&quot;:{&quot;mapWidth&quot;:2560,&quot;mapHeight&quot;:2079,&quot;zoom&quot;:true,&quot;hoverTooltip&quot;:true,&quot;maxZoom&quot;:3,&quot;layer&quot;:&quot;layer1&quot;,&quot;layerSwitcher&quot;:&quot;top-right&quot;,&quot;resetButton&quot;:&quot;bottom-right&quot;,&quot;zoomButtons&quot;:&quot;bottom-right&quot;},&quot;locations&quot;:[],&quot;layers&quot;:[{&quot;id&quot;:&quot;layer1&quot;,&quot;name&quot;:&quot;Layer 1&quot;,&quot;file&quot;:&quot;https:\/\/timorapakko.com\/wp\/wp-content\/uploads\/2025\/11\/2022.10.08-KAARINA-SM-Tarkkuussunnistus-ja-kans.val_.-TempO-Elit-scaled.jpg&quot;}],&quot;breakpoints&quot;:[{&quot;name&quot;:&quot;all-screens&quot;,&quot;below&quot;:9000,&quot;container&quot;:600},{&quot;name&quot;:&quot;mobile&quot;,&quot;below&quot;:480,&quot;container&quot;:400,&quot;portrait&quot;:true}],&quot;samples&quot;:[{&quot;id&quot;:&quot;def&quot;,&quot;title&quot;:&quot;Default&quot;,&quot;group&quot;:[]}]}\" data-path=\"https:\/\/timorapakko.com\/wp\/wp-content\/plugins\/mapplic-wp\/\/core\/\"><\/mapplic-map>\n","protected":false},"excerpt":{"rendered":"","protected":false},"author":1,"featured_media":0,"parent":0,"menu_order":0,"comment_status":"closed","ping_status":"closed","template":"","meta":{"_bbp_topic_count":0,"_bbp_reply_count":0,"_bbp_total_topic_count":0,"_bbp_total_reply_count":0,"_bbp_voice_count":0,"_bbp_anonymous_reply_count":0,"_bbp_topic_count_hidden":0,"_bbp_reply_count_hidden":0,"_bbp_forum_subforum_count":0,"footnotes":""},"class_list":["post-4137","page","type-page","status-publish","hentry"],"_links":{"self":[{"href":"https:\/\/timorapakko.com\/wp\/index.php?rest_route=\/wp\/v2\/pages\/4137","targetHints":{"allow":["GET"]}}],"collection":[{"href":"https:\/\/timorapakko.com\/wp\/index.php?rest_route=\/wp\/v2\/pages"}],"about":[{"href":"https:\/\/timorapakko.com\/wp\/index.php?rest_route=\/wp\/v2\/types\/page"}],"author":[{"embeddable":true,"href":"https:\/\/timorapakko.com\/wp\/index.php?rest_route=\/wp\/v2\/users\/1"}],"replies":[{"embeddable":true,"href":"https:\/\/timorapakko.com\/wp\/index.php?rest_route=%2Fwp%2Fv2%2Fcomments&post=4137"}],"version-history":[{"count":8,"href":"https:\/\/timorapakko.com\/wp\/index.php?rest_route=\/wp\/v2\/pages\/4137\/revisions"}],"predecessor-version":[{"id":5173,"href":"https:\/\/timorapakko.com\/wp\/index.php?rest_route=\/wp\/v2\/pages\/4137\/revisions\/5173"}],"wp:attachment":[{"href":"https:\/\/timorapakko.com\/wp\/index.php?rest_route=%2Fwp%2Fv2%2Fmedia&parent=4137"}],"curies":[{"name":"wp","href":"https:\/\/api.w.org\/{rel}","templated":true}]}}