{"id":9,"date":"2018-09-26T19:16:44","date_gmt":"2018-09-26T19:16:44","guid":{"rendered":"http:\/\/www.timorapakko.com\/wp\/?page_id=9"},"modified":"2020-01-24T13:44:27","modified_gmt":"2020-01-24T11:44:27","slug":"valokuvia","status":"publish","type":"page","link":"https:\/\/timorapakko.com\/wp\/?page_id=9","title":{"rendered":"Valokuvia"},"content":{"rendered":"<p><strong>P\u00e4\u00e4set valokuviin ja videoihin sivun yl\u00e4osan &#8220;Valokuvia ja videoita&#8221; -linkist\u00e4.<\/strong><\/p>\n","protected":false},"excerpt":{"rendered":"","protected":false},"author":1,"featured_media":0,"parent":0,"menu_order":0,"comment_status":"closed","ping_status":"closed","template":"","meta":{"_bbp_topic_count":0,"_bbp_reply_count":0,"_bbp_total_topic_count":0,"_bbp_total_reply_count":0,"_bbp_voice_count":0,"_bbp_anonymous_reply_count":0,"_bbp_topic_count_hidden":0,"_bbp_reply_count_hidden":0,"_bbp_forum_subforum_count":0,"footnotes":""},"class_list":["post-9","page","type-page","status-publish","hentry"],"_links":{"self":[{"href":"https:\/\/timorapakko.com\/wp\/index.php?rest_route=\/wp\/v2\/pages\/9","targetHints":{"allow":["GET"]}}],"collection":[{"href":"https:\/\/timorapakko.com\/wp\/index.php?rest_route=\/wp\/v2\/pages"}],"about":[{"href":"https:\/\/timorapakko.com\/wp\/index.php?rest_route=\/wp\/v2\/types\/page"}],"author":[{"embeddable":true,"href":"https:\/\/timorapakko.com\/wp\/index.php?rest_route=\/wp\/v2\/users\/1"}],"replies":[{"embeddable":true,"href":"https:\/\/timorapakko.com\/wp\/index.php?rest_route=%2Fwp%2Fv2%2Fcomments&post=9"}],"version-history":[{"count":5,"href":"https:\/\/timorapakko.com\/wp\/index.php?rest_route=\/wp\/v2\/pages\/9\/revisions"}],"predecessor-version":[{"id":3705,"href":"https:\/\/timorapakko.com\/wp\/index.php?rest_route=\/wp\/v2\/pages\/9\/revisions\/3705"}],"wp:attachment":[{"href":"https:\/\/timorapakko.com\/wp\/index.php?rest_route=%2Fwp%2Fv2%2Fmedia&parent=9"}],"curies":[{"name":"wp","href":"https:\/\/api.w.org\/{rel}","templated":true}]}}